{"id":87,"date":"2023-02-13T07:15:53","date_gmt":"2023-02-13T07:15:53","guid":{"rendered":"https:\/\/themegenix.net\/reland\/?page_id=87"},"modified":"2024-07-30T20:36:04","modified_gmt":"2024-07-30T20:36:04","slug":"despre-noi","status":"publish","type":"page","link":"https:\/\/ospinas.ro\/en\/despre-noi\/","title":{"rendered":"About us"},"content":{"rendered":"<div data-elementor-type=\"wp-page\" data-elementor-id=\"87\" class=\"elementor elementor-87\">\n\t\t\t\t<div class=\"elementor-element elementor-element-67998c0 e-flex e-con-boxed e-con e-parent\" data-id=\"67998c0\" data-element_type=\"container\">\n\t\t\t\t\t<div class=\"e-con-inner\">\n\t\t\t\t<div class=\"elementor-element elementor-element-ff3ae5e elementor-widget elementor-widget-text-editor\" data-id=\"ff3ae5e\" data-element_type=\"widget\" data-widget_type=\"text-editor.default\">\n\t\t\t\t<div class=\"elementor-widget-container\">\n\t\t\t<style>\/*! elementor - v3.23.0 - 25-07-2024 *\/\n.elementor-widget-text-editor.elementor-drop-cap-view-stacked .elementor-drop-cap{background-color:#69727d;color:#fff}.elementor-widget-text-editor.elementor-drop-cap-view-framed .elementor-drop-cap{color:#69727d;border:3px solid;background-color:transparent}.elementor-widget-text-editor:not(.elementor-drop-cap-view-default) .elementor-drop-cap{margin-top:8px}.elementor-widget-text-editor:not(.elementor-drop-cap-view-default) .elementor-drop-cap-letter{width:1em;height:1em}.elementor-widget-text-editor .elementor-drop-cap{float:left;text-align:center;line-height:1;font-size:50px}.elementor-widget-text-editor .elementor-drop-cap-letter{display:inline-block}<\/style>\t\t\t\t<p><strong>OSPINAS &amp; Co<\/strong>. is the company through which we continue a family tradition started in 1918, when Tulio Ospina founded the business dedicated to urban development, construction and promotion. Today, our company is a model of excellence on the urban scene, as evidenced by the series of award-winning projects we have developed.<\/p><p>Since its beginnings, in 1999, OSPINAS &amp; Co. distinguished itself by specializing in real estate promotion and international real estate consulting.<\/p>\t\t\t\t\t\t<\/div>\n\t\t\t\t<\/div>\n\t\t\t\t\t<\/div>\n\t\t\t\t<\/div>\n\t\t<div class=\"elementor-element elementor-element-ea58b73 e-flex e-con-boxed e-con e-parent\" data-id=\"ea58b73\" data-element_type=\"container\">\n\t\t\t\t\t<div class=\"e-con-inner\">\n\t\t\t\t<div class=\"elementor-element elementor-element-c78a49b elementor-widget elementor-widget-heading\" data-id=\"c78a49b\" data-element_type=\"widget\" data-widget_type=\"heading.default\">\n\t\t\t\t<div class=\"elementor-widget-container\">\n\t\t\t<style>\/*! elementor - v3.23.0 - 25-07-2024 *\/\n.elementor-heading-title{padding:0;margin:0;line-height:1}.elementor-widget-heading .elementor-heading-title[class*=elementor-size-]>a{color:inherit;font-size:inherit;line-height:inherit}.elementor-widget-heading .elementor-heading-title.elementor-size-small{font-size:15px}.elementor-widget-heading .elementor-heading-title.elementor-size-medium{font-size:19px}.elementor-widget-heading .elementor-heading-title.elementor-size-large{font-size:29px}.elementor-widget-heading .elementor-heading-title.elementor-size-xl{font-size:39px}.elementor-widget-heading .elementor-heading-title.elementor-size-xxl{font-size:59px}<\/style><h5 class=\"elementor-heading-title elementor-size-default\">WE COMBINE TRADITION WITH INNOVATION<\/h5>\t\t<\/div>\n\t\t\t\t<\/div>\n\t\t\t\t\t<\/div>\n\t\t\t\t<\/div>\n\t\t\t\t<section class=\"elementor-section elementor-top-section elementor-element elementor-element-8ac5800 elementor-section-full_width elementor-section-height-default elementor-section-height-default\" data-id=\"8ac5800\" data-element_type=\"section\">\n\t\t\t\t\t\t<div class=\"elementor-container elementor-column-gap-no\">\n\t\t\t\t\t<div class=\"elementor-column elementor-col-100 elementor-top-column elementor-element elementor-element-f440656\" data-id=\"f440656\" data-element_type=\"column\">\n\t\t\t<div class=\"elementor-widget-wrap elementor-element-populated\">\n\t\t\t\t\t\t<div class=\"elementor-element elementor-element-eb39472 elementor-widget elementor-widget-tg-mission-vision\" data-id=\"eb39472\" data-element_type=\"widget\" data-widget_type=\"tg-mission-vision.default\">\n\t\t\t\t<div class=\"elementor-widget-container\">\n\t\t\t\r\n        \r\n            <!-- mission-area -->\r\n            <section class=\"mission-area\">\r\n                <div class=\"container\">\r\n                    <div class=\"row align-items-center\">\r\n\r\n                                                <div class=\"col-lg-6\">\r\n                            <div class=\"mission-img\">\r\n                                <img decoding=\"async\" data-src=\"https:\/\/ospinas.ro\/wp-content\/uploads\/2024\/05\/Javier-Ospina.webp\" alt=\"\" src=\"data:image\/gif;base64,R0lGODlhAQABAAAAACH5BAEKAAEALAAAAAABAAEAAAICTAEAOw==\" class=\"lazyload\" style=\"--smush-placeholder-width: 2048px; --smush-placeholder-aspect-ratio: 2048\/1365;\"><noscript><img decoding=\"async\" src=\"https:\/\/ospinas.ro\/wp-content\/uploads\/2024\/05\/Javier-Ospina.webp\" alt=\"\"><\/noscript>\r\n                            <\/div>\r\n                        <\/div>\r\n                        \r\n                        <div class=\"col-lg-6\">\r\n                            <div class=\"mission-content\">\r\n                                                                <div class=\"section-title mb-40\">\r\n\r\n                                    \r\n                                    \r\n                                <\/div>\r\n\r\n                                                                    <p>The founder, Javier Ospina (1956), is an entrepreneur with extensive experience in international business. He has a degree in Administration and Finance from Miami, a master's degree in Port Administration from Hamburg and a master's degree in Foreign Trade from Madrid.\nJorge Ospina (1991), who served as operations director in Romania and Spain, is currently overseeing the company's expansion in the Middle East. \n<\/p>\r\n                                \r\n                                \r\n                                                                <a  >\r\n                                    <div class=\"btn_m\">\r\n                                        <div class=\"btn_c\">\r\n                                            <div class=\"btn_t1\"><\/div>\r\n                                            <div class=\"btn_t2\"><\/div>\r\n                                        <\/div>\r\n                                    <\/div>\r\n                                <\/a>\r\n                                \r\n                            <\/div>\r\n                        <\/div>\r\n                    <\/div>\r\n                <\/div>\r\n            <\/section>\r\n            <!-- mission-area-end -->\r\n\r\n        \r\n    \t\t<\/div>\n\t\t\t\t<\/div>\n\t\t\t\t\t<\/div>\n\t\t<\/div>\n\t\t\t\t\t<\/div>\n\t\t<\/section>\n\t\t\t\t<section class=\"elementor-section elementor-top-section elementor-element elementor-element-a91118a elementor-section-full_width elementor-section-height-default elementor-section-height-default\" data-id=\"a91118a\" data-element_type=\"section\">\n\t\t\t\t\t\t<div class=\"elementor-container elementor-column-gap-no\">\n\t\t\t\t\t<div class=\"elementor-column elementor-col-100 elementor-top-column elementor-element elementor-element-c33b17d\" data-id=\"c33b17d\" data-element_type=\"column\">\n\t\t\t<div class=\"elementor-widget-wrap elementor-element-populated\">\n\t\t\t\t\t\t<div class=\"elementor-element elementor-element-6fc7720 elementor-widget elementor-widget-tg-mission-vision\" data-id=\"6fc7720\" data-element_type=\"widget\" data-widget_type=\"tg-mission-vision.default\">\n\t\t\t\t<div class=\"elementor-widget-container\">\n\t\t\t\r\n        \r\n            <!-- vision-area -->\r\n            <section class=\"vision-area\">\r\n                <div class=\"container\">\r\n                    <div class=\"row align-items-center\">\r\n\r\n                                                <div class=\"col-lg-6 order-0 order-lg-2\">\r\n                            <div class=\"vision-img text-center\">\r\n                                <img decoding=\"async\" data-src=\"https:\/\/ospinas.ro\/wp-content\/uploads\/2024\/05\/Ana-Ospina.webp\" alt=\"\" src=\"data:image\/gif;base64,R0lGODlhAQABAAAAACH5BAEKAAEALAAAAAABAAEAAAICTAEAOw==\" class=\"lazyload\" style=\"--smush-placeholder-width: 1667px; --smush-placeholder-aspect-ratio: 1667\/2500;\"><noscript><img decoding=\"async\" src=\"https:\/\/ospinas.ro\/wp-content\/uploads\/2024\/05\/Ana-Ospina.webp\" alt=\"\"><\/noscript>\r\n                            <\/div>\r\n                        <\/div>\r\n                        \r\n                        <div class=\"col-lg-6\">\r\n                            <div class=\"vision-content\">\r\n                                                                <div class=\"section-title mb-35\">\r\n                                    \r\n                                                                    <\/div>\r\n\r\n                                                                    <p>Ana Ospina (1990) is the CEO of the family holding since 2020, dealing with the development of the company in Romania. She has a degree in business administration, doing an MBA at IE University (Madrid) and Cornell University (NY).\nAt OSPINAS &amp; Co. experience meets a passion that strengthens with each new generation. This special combination allows us to offer high-quality urban projects that redefine smart living. From concept to completion, we prioritize innovation, sustainability and aesthetics, reflecting our core values \u200b\u200bof social responsibility and resource optimization.\n<\/p>\r\n                                \r\n                                \r\n                                \r\n                            <\/div>\r\n                        <\/div>\r\n                    <\/div>\r\n                <\/div>\r\n            <\/section>\r\n            <!-- vision-area-end -->\r\n\r\n        \r\n    \t\t<\/div>\n\t\t\t\t<\/div>\n\t\t\t\t\t<\/div>\n\t\t<\/div>\n\t\t\t\t\t<\/div>\n\t\t<\/section>\n\t\t\t\t<section class=\"elementor-section elementor-top-section elementor-element elementor-element-7f37853e elementor-section-full_width elementor-section-stretched elementor-section-height-default elementor-section-height-default\" data-id=\"7f37853e\" data-element_type=\"section\" id=\"about\" data-settings=\"{&quot;stretch_section&quot;:&quot;section-stretched&quot;,&quot;background_background&quot;:&quot;classic&quot;}\">\n\t\t\t\t\t\t<div class=\"elementor-container elementor-column-gap-default\">\n\t\t\t\t\t<div class=\"elementor-column elementor-col-100 elementor-top-column elementor-element elementor-element-ed12b5a\" data-id=\"ed12b5a\" data-element_type=\"column\">\n\t\t\t<div class=\"elementor-widget-wrap elementor-element-populated\">\n\t\t\t\t\t\t<div class=\"elementor-element elementor-element-43637ab4 elementor-widget elementor-widget-about\" data-id=\"43637ab4\" data-element_type=\"widget\" data-widget_type=\"about.default\">\n\t\t\t\t<div class=\"elementor-widget-container\">\n\t\t\t\r\n        <!-- about-area -->\r\n        <section class=\"about-area\">\r\n            <div class=\"container\">\r\n                <div class=\"row justify-content-center\">\r\n                    <div class=\"col-xl-8 col-lg-10\">\r\n\r\n                                                <div class=\"section-title text-center mb-35\">\r\n\r\n                                                        <span class=\"sub-title\">OSPINAS &amp; Co<\/span>\r\n                            \r\n                            <h3 class=\"title\">BUILDING A SOLID FUTURE TOGETHER<\/h3>\r\n                        <\/div>\r\n                        \r\n                        <div class=\"about-content text-center\">\r\n\r\n                            \r\n                                                        <a  >\r\n                                <div class=\"btn_m\">\r\n                                    <div class=\"btn_c\">\r\n                                        <div class=\"btn_t1\"><\/div>\r\n                                        <div class=\"btn_t2\"><\/div>\r\n                                    <\/div>\r\n                                <\/div>\r\n                            <\/a>\r\n                            \r\n                        <\/div>\r\n                    <\/div>\r\n                <\/div>\r\n            <\/div>\r\n        <\/section>\r\n        <!-- about-area-end -->\r\n\r\n    \t\t<\/div>\n\t\t\t\t<\/div>\n\t\t\t\t\t<\/div>\n\t\t<\/div>\n\t\t\t\t\t<\/div>\n\t\t<\/section>\n\t\t\t\t<section class=\"elementor-section elementor-top-section elementor-element elementor-element-dfbb043 elementor-section-full_width elementor-section-stretched elementor-section-height-default elementor-section-height-default\" data-id=\"dfbb043\" data-element_type=\"section\" data-settings=\"{&quot;background_background&quot;:&quot;classic&quot;,&quot;stretch_section&quot;:&quot;section-stretched&quot;}\">\n\t\t\t\t\t\t<div class=\"elementor-container elementor-column-gap-no\">\n\t\t\t\t\t<div class=\"elementor-column elementor-col-100 elementor-top-column elementor-element elementor-element-77b20407\" data-id=\"77b20407\" data-element_type=\"column\">\n\t\t\t<div class=\"elementor-widget-wrap elementor-element-populated\">\n\t\t\t\t\t\t<div class=\"elementor-element elementor-element-2ccc5d0f elementor-widget elementor-widget-features\" data-id=\"2ccc5d0f\" data-element_type=\"widget\" data-widget_type=\"features.default\">\n\t\t\t\t<div class=\"elementor-widget-container\">\n\t\t\t\r\n            <!-- features-area -->\r\n            <section class=\"features-area\">\r\n                <div class=\"container\">\r\n                    <div class=\"row justify-content-center\">\r\n                                                <div class=\"col-lg-4 col-md-6 col-sm-10\">\r\n                            <div class=\"features-item\">\r\n                                                                    <div class=\"feature-icon\">\r\n                                        <i aria-hidden=\"true\" class=\"fal fa-graduation-cap\"><\/i>                                    <\/div>\r\n                                \r\n                                <div class=\"feature-content\">\r\n\r\n                                                                            <h2 class=\"title\">Commitment to excellence<\/h2>\r\n                                    \r\n                                                                            <p>We are dedicated to delivering more than just buildings; we build communities where people thrive. Our mission is to be leaders in the urban construction sector, offering quality projects and innovative solutions that exceed expectations. We strive to build long-term relationships with our clients and the community, ensuring that our projects have a positive and lasting impact.\n<\/p>\r\n                                    \r\n                                <\/div>\r\n                            <\/div>\r\n                        <\/div>\r\n                                                <div class=\"col-lg-4 col-md-6 col-sm-10\">\r\n                            <div class=\"features-item\">\r\n                                                                    <div class=\"feature-icon\">\r\n                                        <i aria-hidden=\"true\" class=\"tp flaticon-002-plants\"><\/i>                                    <\/div>\r\n                                \r\n                                <div class=\"feature-content\">\r\n\r\n                                                                            <h2 class=\"title\">DISCOVER OUR HERITAGE<\/h2>\r\n                                    \r\n                                                                            <p>Explore our portfolio to discover the breadth of our expertise. From residential estates to commercial developments, every project showcases our commitment to quality and attention to detail. Join us on a journey through over a century of tradition and innovation as we continue to shape the future of urban living.<\/p>\r\n                                    \r\n                                <\/div>\r\n                            <\/div>\r\n                        <\/div>\r\n                                                <div class=\"col-lg-4 col-md-6 col-sm-10\">\r\n                            <div class=\"features-item\">\r\n                                                                    <div class=\"feature-icon\">\r\n                                        <i aria-hidden=\"true\" class=\"tp flaticon-017-apartment\"><\/i>                                    <\/div>\r\n                                \r\n                                <div class=\"feature-content\">\r\n\r\n                                                                            <h2 class=\"title\">We develop quality<\/h2>\r\n                                    \r\n                                                                            <p>At OSPINAS &amp; Co. we believe in quality development with impact on the communities we serve. Our commitment to social responsibility extends beyond real estate development to include sustainability initiatives focused on increasing the quality and efficiency of projects with a positive impact on the environment. Together, we can build a better future for generations to come.<\/p>\r\n                                    \r\n                                <\/div>\r\n                            <\/div>\r\n                        <\/div>\r\n                                            <\/div>\r\n                <\/div>\r\n            <\/section>\r\n            <!-- features-area-end -->\r\n\r\n    \t\t<\/div>\n\t\t\t\t<\/div>\n\t\t\t\t\t<\/div>\n\t\t<\/div>\n\t\t\t\t\t<\/div>\n\t\t<\/section>\n\t\t\t\t<\/div>","protected":false},"excerpt":{"rendered":"<p>OSPINAS &amp; Co. este compania prin care continu\u0103m o tradi\u021bie de familie \u00eenceput\u0103 \u00een 1918, atunci c\u00e2nd Tulio Ospina a pus bazele afacerii dedicate dezvolt\u0103rii urbane, construc\u021biilor \u0219i promov\u0103rii. Ast\u0103zi, compania noastr\u0103 este un model de excelen\u021b\u0103 pe scena urban\u0103, av\u00e2nd ca dovad\u0103 seria de proiecte premiate pe care le-am dezvoltat. \u00cenc\u0103 de la \u00eenceputurile [&hellip;]<\/p>","protected":false},"author":1,"featured_media":0,"parent":0,"menu_order":0,"comment_status":"closed","ping_status":"closed","template":"","meta":{"_acf_changed":false,"footnotes":""},"class_list":["post-87","page","type-page","status-publish","hentry"],"acf":[],"_links":{"self":[{"href":"https:\/\/ospinas.ro\/en\/wp-json\/wp\/v2\/pages\/87","targetHints":{"allow":["GET"]}}],"collection":[{"href":"https:\/\/ospinas.ro\/en\/wp-json\/wp\/v2\/pages"}],"about":[{"href":"https:\/\/ospinas.ro\/en\/wp-json\/wp\/v2\/types\/page"}],"author":[{"embeddable":true,"href":"https:\/\/ospinas.ro\/en\/wp-json\/wp\/v2\/users\/1"}],"replies":[{"embeddable":true,"href":"https:\/\/ospinas.ro\/en\/wp-json\/wp\/v2\/comments?post=87"}],"version-history":[{"count":46,"href":"https:\/\/ospinas.ro\/en\/wp-json\/wp\/v2\/pages\/87\/revisions"}],"predecessor-version":[{"id":2727,"href":"https:\/\/ospinas.ro\/en\/wp-json\/wp\/v2\/pages\/87\/revisions\/2727"}],"wp:attachment":[{"href":"https:\/\/ospinas.ro\/en\/wp-json\/wp\/v2\/media?parent=87"}],"curies":[{"name":"wp","href":"https:\/\/api.w.org\/{rel}","templated":true}]}}